{"id":44,"date":"2024-06-28T11:51:59","date_gmt":"2024-06-28T11:51:59","guid":{"rendered":"https:\/\/adinnova.com.ar\/?page_id=44"},"modified":"2025-11-17T18:41:02","modified_gmt":"2025-11-17T18:41:02","slug":"servicios","status":"publish","type":"page","link":"https:\/\/adinnova.com.ar\/pt\/servicios\/","title":{"rendered":"Servi\u00e7o"},"content":{"rendered":"<div id=\"fws_69dcedf85eaae\"  data-column-margin=\"default\" data-midnight=\"dark\"  class=\"wpb_row vc_row-fluid vc_row full-width-section\"  style=\"padding-top: 0px; padding-bottom: 0px; \"><div class=\"row-bg-wrap\" data-bg-animation=\"zoom-out-slow\" data-bg-animation-delay=\"\" data-bg-overlay=\"true\"><div class=\"inner-wrap row-bg-layer using-image\" ><div class=\"row-bg viewport-desktop using-image\"  style=\"background-image: url(https:\/\/adinnova.com.ar\/wp-content\/uploads\/2025\/11\/Servicios_Adinnova-1-scaled.webp); background-position: center center; background-repeat: no-repeat; \"><\/div><\/div><div class=\"row-bg-overlay row-bg-layer\" style=\"background-color:#000000;  opacity: 0.3; \"><\/div><\/div><div class=\"row_col_wrap_12 col span_12 dark left\">\n\t<div style=\"margin-top: 15%; margin-bottom: 15%; \" class=\"vc_col-sm-12 wpb_column column_container vc_column_container col no-extra-padding inherit_tablet inherit_phone\"  data-padding-pos=\"all\" data-has-bg-color=\"false\" data-bg-color=\"\" data-bg-opacity=\"1\" data-animation=\"\" data-delay=\"0\" >\n\t\t<div class=\"vc_column-inner\" >\n\t\t\t<div class=\"wpb_wrapper\">\n\t\t\t\t<div id=\"fws_69dcedf85ed6a\" data-midnight=\"\" data-column-margin=\"default\" class=\"wpb_row vc_row-fluid vc_row inner_row\"  style=\"\"><div class=\"row-bg-wrap\"> <div class=\"row-bg\" ><\/div> <\/div><div class=\"row_col_wrap_12_inner col span_12  left\">\n\t<div  class=\"vc_col-sm-12 wpb_column column_container vc_column_container col child_column centered-text padding-4-percent inherit_tablet padding-2-percent_phone\"   data-padding-pos=\"all\" data-has-bg-color=\"false\" data-bg-color=\"\" data-bg-opacity=\"1\" data-animation=\"\" data-delay=\"0\" >\n\t\t<div class=\"vc_column-inner\" >\n\t\t<div class=\"wpb_wrapper\">\n\t\t\t<div class=\"nectar-responsive-text font_size_desktop_4em font_size_phone_2em font_line_height_1-1 nectar-link-underline-effect\" style=\"color: #ffffff;max-width: 900px;\"><h1>Solu\u00e7\u00f5es inovadoras para a nutri\u00e7\u00e3o animal em evolu\u00e7\u00e3o<\/h1>\n<\/div>\n\t\t<\/div> \n\t<\/div>\n\t<\/div> \n<\/div><\/div>\n\t\t\t<\/div> \n\t\t<\/div>\n\t<\/div> \n<\/div><\/div>\n\t\t<div id=\"fws_69dcedf85f07b\"  data-column-margin=\"default\" data-midnight=\"dark\"  class=\"wpb_row vc_row-fluid vc_row full-width-section has-row-bg-color\"  style=\"padding-top: 0px; padding-bottom: 0px; --row-bg-color: #ffffff;\"><div class=\"row-bg-wrap\" data-bg-animation=\"none\" data-bg-animation-delay=\"\" data-bg-overlay=\"false\"><div class=\"inner-wrap row-bg-layer\" ><div class=\"row-bg viewport-desktop using-bg-color\"  style=\"background-color: #ffffff; \"><\/div><\/div><\/div><div class=\"row_col_wrap_12 col span_12 dark left\">\n\t<div  class=\"vc_col-sm-12 wpb_column column_container vc_column_container col el_spacing_40px top_padding_desktop_6pct bottom_padding_desktop_8pct\"  data-padding-pos=\"all\" data-has-bg-color=\"false\" data-bg-color=\"\" data-bg-opacity=\"1\" data-animation=\"\" data-delay=\"0\" >\n\t\t<div class=\"vc_column-inner\" >\n\t\t\t<div class=\"wpb_wrapper\">\n\t\t\t\t<div id=\"fws_69dcedf85f211\" data-midnight=\"\" data-column-margin=\"default\" class=\"wpb_row vc_row-fluid vc_row inner_row\"  style=\"\"><div class=\"row-bg-wrap\"> <div class=\"row-bg\" ><\/div> <\/div><div class=\"row_col_wrap_12_inner col span_12  left\">\n\t<div  class=\"vc_col-sm-12 wpb_column column_container vc_column_container col child_column centered-text no-extra-padding inherit_tablet inherit_phone\"   data-padding-pos=\"all\" data-has-bg-color=\"false\" data-bg-color=\"\" data-bg-opacity=\"1\" data-animation=\"\" data-delay=\"0\" >\n\t\t<div class=\"vc_column-inner\" >\n\t\t<div class=\"wpb_wrapper\">\n\t\t\t<div class=\"nectar-responsive-text nectar-link-underline-effect\"><div class=\"ql-block\" style=\"text-align: left\" data-block-id=\"block-e37fd6c5-8ae3-4b86-8911-cb92077ced37\">Na <strong>Adinnova<\/strong> trabalhamos de forma integrada para desenvolver <span style=\"color: #3366ff\"><a class=\"ql-link\" style=\"color: #3366ff;background-image: none!important\" href=\"https:\/\/adinnova.com.ar\/pt\/aditivos\/\" target=\"_blank\" rel=\"noopener noreferrer\">aditivos.<\/a><\/span> naturais de alta qualidade. Nossa tecnologia potencializa a produtividade, a sa\u00fade e o bem-estar animal por meio da nutri\u00e7\u00e3o.<\/div>\n<\/div><div class=\"nectar-responsive-text nectar-link-underline-effect\"><div class=\"ql-block\" data-block-id=\"block-e37fd6c5-8ae3-4b86-8911-cb92077ced37\">\n<div class=\"ql-block\" style=\"text-align: left\" data-block-id=\"block-da4f7b6a-da97-4a90-9ef7-85976a800b76\">Oferecemos solu\u00e7\u00f5es para <strong>rendering<\/strong> e uma ampla variedade de esp\u00e9cies: desde <strong>aves<\/strong>, <strong>su\u00ednos<\/strong>, <strong>aquicultura<\/strong>, <strong>gado<\/strong> e <strong>equinos<\/strong> at\u00e9 <strong>animais<\/strong> e <strong>esp\u00e9cies ex\u00f3ticas.<\/strong>.<\/div>\n<\/div>\n<\/div><div class=\"nectar-responsive-text nectar-link-underline-effect\"><div class=\"ql-block\" data-block-id=\"block-e37fd6c5-8ae3-4b86-8911-cb92077ced37\">\n<div class=\"ql-block\" style=\"text-align: left\" data-block-id=\"block-6d8859e7-dcc9-4c8f-803f-65e9083bf19a\">Por meio do nosso portf\u00f3lio e de desenvolvimentos sob medida, promovemos sistemas produtivos mais eficientes e saud\u00e1veis.<\/div>\n<\/div>\n<\/div><div class=\"nectar-responsive-text nectar-link-underline-effect\"><div class=\"ql-block\" style=\"text-align: left\" data-block-id=\"block-e37fd6c5-8ae3-4b86-8911-cb92077ced37\">Contamos com infraestrutura pr\u00f3pria para oferecer um <strong>servi\u00e7o completo<\/strong>: visitas e assessoria t\u00e9cnica em campo, an\u00e1lises e pesquisas em nosso AdiLab, formula\u00e7\u00f5es exclusivas e suporte t\u00e9cnico na implementa\u00e7\u00e3o de aditivos nas dietas animais.<\/div>\n<\/div>\n\t\t<\/div> \n\t<\/div>\n\t<\/div> \n<\/div><\/div><div id=\"fws_69dcedf85f79a\" data-midnight=\"\" data-column-margin=\"default\" class=\"wpb_row vc_row-fluid vc_row inner_row  top_padding_phone_-40px\"  style=\"padding-top: -15px; \"><div class=\"row-bg-wrap\"> <div class=\"row-bg\" ><\/div> <\/div><div class=\"row_col_wrap_12_inner col span_12  left\">\n\t<div  class=\"vc_col-sm-3 wpb_column column_container vc_column_container col child_column no-extra-padding inherit_tablet inherit_phone\"   data-padding-pos=\"all\" data-has-bg-color=\"false\" data-bg-color=\"\" data-bg-opacity=\"1\" data-animation=\"\" data-delay=\"0\" >\n\t\t<div class=\"vc_column-inner\" >\n\t\t<div class=\"wpb_wrapper\">\n\t\t\t<div class=\"img-with-aniamtion-wrap center custom-width-100px custom-width-phone-100px\" data-max-width=\"custom\" data-max-width-mobile=\"default\" data-shadow=\"none\" data-animation=\"none\" >\n      <div class=\"inner\">\n        <div class=\"hover-wrap\"> \n          <div class=\"hover-wrap-inner\">\n            <img decoding=\"async\" class=\"img-with-animation skip-lazy\" data-delay=\"0\" height=\"300\" width=\"300\" data-animation=\"none\" src=\"https:\/\/adinnova.com.ar\/wp-content\/uploads\/2025\/10\/2.png\" alt=\"\" srcset=\"https:\/\/adinnova.com.ar\/wp-content\/uploads\/2025\/10\/2.png 300w, https:\/\/adinnova.com.ar\/wp-content\/uploads\/2025\/10\/2-150x150.png 150w, https:\/\/adinnova.com.ar\/wp-content\/uploads\/2025\/10\/2-12x12.png 12w, https:\/\/adinnova.com.ar\/wp-content\/uploads\/2025\/10\/2-140x140.png 140w, https:\/\/adinnova.com.ar\/wp-content\/uploads\/2025\/10\/2-100x100.png 100w\" sizes=\"(max-width: 300px) 100vw, 300px\" \/>\n          <\/div>\n        <\/div>\n        \n      <\/div>\n    <\/div><div class=\"nectar-responsive-text font_size_desktop_1em font_line_height_1-3 nectar-link-underline-effect\" style=\"color: #263063;\"><p style=\"text-align: center\">Desenvolvimento de aditivos<br \/>\nsob medida<\/p>\n<\/div>\n\t\t<\/div> \n\t<\/div>\n\t<\/div> \n\n\t<div  class=\"vc_col-sm-3 wpb_column column_container vc_column_container col child_column no-extra-padding inherit_tablet inherit_phone\"   data-padding-pos=\"all\" data-has-bg-color=\"false\" data-bg-color=\"\" data-bg-opacity=\"1\" data-animation=\"\" data-delay=\"0\" >\n\t\t<div class=\"vc_column-inner\" >\n\t\t<div class=\"wpb_wrapper\">\n\t\t\t<div class=\"img-with-aniamtion-wrap center custom-width-100px custom-width-phone-100px\" data-max-width=\"custom\" data-max-width-mobile=\"default\" data-shadow=\"none\" data-animation=\"none\" >\n      <div class=\"inner\">\n        <div class=\"hover-wrap\"> \n          <div class=\"hover-wrap-inner\">\n            <img decoding=\"async\" class=\"img-with-animation skip-lazy\" data-delay=\"0\" height=\"300\" width=\"300\" data-animation=\"none\" src=\"https:\/\/adinnova.com.ar\/wp-content\/uploads\/2025\/10\/3.png\" alt=\"\" srcset=\"https:\/\/adinnova.com.ar\/wp-content\/uploads\/2025\/10\/3.png 300w, https:\/\/adinnova.com.ar\/wp-content\/uploads\/2025\/10\/3-150x150.png 150w, https:\/\/adinnova.com.ar\/wp-content\/uploads\/2025\/10\/3-12x12.png 12w, https:\/\/adinnova.com.ar\/wp-content\/uploads\/2025\/10\/3-140x140.png 140w, https:\/\/adinnova.com.ar\/wp-content\/uploads\/2025\/10\/3-100x100.png 100w\" sizes=\"(max-width: 300px) 100vw, 300px\" \/>\n          <\/div>\n        <\/div>\n        \n      <\/div>\n    <\/div><div class=\"nectar-responsive-text font_size_desktop_1em font_line_height_1-3 nectar-link-underline-effect\" style=\"color: #263063;\"><p style=\"text-align: center\">An\u00e1lise de<br \/>\nmicotoxinas<\/p>\n<\/div>\n\t\t<\/div> \n\t<\/div>\n\t<\/div> \n\n\t<div  class=\"vc_col-sm-3 wpb_column column_container vc_column_container col child_column no-extra-padding inherit_tablet inherit_phone\"   data-padding-pos=\"all\" data-has-bg-color=\"false\" data-bg-color=\"\" data-bg-opacity=\"1\" data-animation=\"\" data-delay=\"0\" >\n\t\t<div class=\"vc_column-inner\" >\n\t\t<div class=\"wpb_wrapper\">\n\t\t\t<div class=\"img-with-aniamtion-wrap center custom-width-100px custom-width-phone-100px\" data-max-width=\"custom\" data-max-width-mobile=\"default\" data-shadow=\"none\" data-animation=\"none\" >\n      <div class=\"inner\">\n        <div class=\"hover-wrap\"> \n          <div class=\"hover-wrap-inner\">\n            <img decoding=\"async\" class=\"img-with-animation skip-lazy\" data-delay=\"0\" height=\"300\" width=\"300\" data-animation=\"none\" src=\"https:\/\/adinnova.com.ar\/wp-content\/uploads\/2025\/10\/4.png\" alt=\"\" srcset=\"https:\/\/adinnova.com.ar\/wp-content\/uploads\/2025\/10\/4.png 300w, https:\/\/adinnova.com.ar\/wp-content\/uploads\/2025\/10\/4-150x150.png 150w, https:\/\/adinnova.com.ar\/wp-content\/uploads\/2025\/10\/4-12x12.png 12w, https:\/\/adinnova.com.ar\/wp-content\/uploads\/2025\/10\/4-140x140.png 140w, https:\/\/adinnova.com.ar\/wp-content\/uploads\/2025\/10\/4-100x100.png 100w\" sizes=\"(max-width: 300px) 100vw, 300px\" \/>\n          <\/div>\n        <\/div>\n        \n      <\/div>\n    <\/div><div class=\"nectar-responsive-text font_size_desktop_1em font_line_height_1-3 nectar-link-underline-effect\" style=\"color: #263063;\"><p style=\"text-align: center\">Formula\u00e7\u00e3o<br \/>\nde ra\u00e7\u00f5es<\/p>\n<\/div>\n\t\t<\/div> \n\t<\/div>\n\t<\/div> \n\n\t<div  class=\"vc_col-sm-3 wpb_column column_container vc_column_container col child_column no-extra-padding inherit_tablet inherit_phone\"   data-padding-pos=\"all\" data-has-bg-color=\"false\" data-bg-color=\"\" data-bg-opacity=\"1\" data-animation=\"\" data-delay=\"0\" >\n\t\t<div class=\"vc_column-inner\" >\n\t\t<div class=\"wpb_wrapper\">\n\t\t\t<div class=\"img-with-aniamtion-wrap center custom-width-100px custom-width-phone-100px\" data-max-width=\"custom\" data-max-width-mobile=\"default\" data-shadow=\"none\" data-animation=\"none\" >\n      <div class=\"inner\">\n        <div class=\"hover-wrap\"> \n          <div class=\"hover-wrap-inner\">\n            <img decoding=\"async\" class=\"img-with-animation skip-lazy\" data-delay=\"0\" height=\"300\" width=\"300\" data-animation=\"none\" src=\"https:\/\/adinnova.com.ar\/wp-content\/uploads\/2025\/10\/1.png\" alt=\"\" srcset=\"https:\/\/adinnova.com.ar\/wp-content\/uploads\/2025\/10\/1.png 300w, https:\/\/adinnova.com.ar\/wp-content\/uploads\/2025\/10\/1-150x150.png 150w, https:\/\/adinnova.com.ar\/wp-content\/uploads\/2025\/10\/1-12x12.png 12w, https:\/\/adinnova.com.ar\/wp-content\/uploads\/2025\/10\/1-140x140.png 140w, https:\/\/adinnova.com.ar\/wp-content\/uploads\/2025\/10\/1-100x100.png 100w\" sizes=\"(max-width: 300px) 100vw, 300px\" \/>\n          <\/div>\n        <\/div>\n        \n      <\/div>\n    <\/div><div class=\"nectar-responsive-text font_size_desktop_1em font_line_height_1-3 nectar-link-underline-effect\" style=\"color: #263063;\"><p style=\"text-align: center\">Acompanhamento<br \/>\nde campo<\/p>\n<\/div>\n\t\t<\/div> \n\t<\/div>\n\t<\/div> \n<\/div><\/div>\n\t\t\t<\/div> \n\t\t<\/div>\n\t<\/div> \n<\/div><\/div>\n\t\t<div id=\"fws_69dcedf860fbd\"  data-column-margin=\"default\" data-midnight=\"dark\"  class=\"wpb_row vc_row-fluid vc_row\"  style=\"padding-top: 30px; padding-bottom: 80px; \"><div class=\"row-bg-wrap\" data-bg-animation=\"none\" data-bg-animation-delay=\"\" data-bg-overlay=\"false\"><div class=\"inner-wrap row-bg-layer\" ><div class=\"row-bg viewport-desktop\"  style=\"\"><\/div><\/div><\/div><div class=\"row_col_wrap_12 col span_12 dark left\">\n\t<div  class=\"vc_col-sm-12 wpb_column column_container vc_column_container col centered-text no-extra-padding inherit_tablet inherit_phone\"  data-padding-pos=\"all\" data-has-bg-color=\"false\" data-bg-color=\"\" data-bg-opacity=\"1\" data-animation=\"\" data-delay=\"0\" >\n\t\t<div class=\"vc_column-inner\" >\n\t\t\t<div class=\"wpb_wrapper\">\n\t\t\t\t<div class=\"nectar-responsive-text font_size_desktop_2em font_size_phone_1em nectar-link-underline-effect\" style=\"color: #263063;\"><p style=\"text-align: center\"><b>Servi\u00e7os sob medida?<\/b><\/p>\n<\/div><div class=\"nectar-cta btnAditivos border_color_263063 border_thickness_2px border_radius_50px alignment_tablet_default alignment_phone_default display_tablet_inherit display_phone_inherit\" data-color=\"default\" data-using-bg=\"false\" data-style=\"curved-arrow-animation\" data-display=\"block\" data-alignment=\"center\" data-text-color=\"std\" style=\"margin-top: 40px;  --nectar-button-color: var(--nectar-default); --nectar-icon-gap: 10px; \"><h6><span class=\"link_wrap\" style=\"padding-top: 15px; padding-right: 30px; padding-bottom: 15px; padding-left: 30px;\"><a  class=\"link_text\" role=\"button\" href=\"\/pt\/contacto\/\"><span class=\"text\">Entre em contato conosco<\/span><svg aria-hidden=\"true\" width=\"20\" height=\"20\" viewbox=\"0 0 22 22\" preserveaspectratio=\"xMidYMid meet\">\n      <g transform=\"matrix(1,0,0,-1,12,11)\">\n      <g transform=\"matrix(1,0,0,-1,-1,3)\">\n        <path class=\"line\" stroke-linejoin=\"round\" stroke-linecap=\"round\" fill-opacity=\"0\" stroke=\"#000\" stroke-width=\"1.5\" d=\"M 7 3.3 L -3.2 3.3 C -5 3.3 -6.5 1.8 -6.5 0 L -6.5 -2.5\"><\/path>\n      <\/g>\n      <g transform=\"matrix(1,0,0,-1,4,-0.5)\">\n        <path class=\"arrow\" fill-opacity=\"0\" stroke-linejoin=\"round\" stroke-linecap=\"round\" stroke-width=\"1.5\" stroke=\"#000\" d=\"M -2.5 5 C -2.5 5 2.5 0 2.5 0\"><\/path>\n        <path class=\"arrow\" fill-opacity=\"0\" stroke-linejoin=\"round\" stroke-linecap=\"round\" stroke-width=\"1.5\" stroke=\"#000\" d=\"M -2.5 -5 C -2.5 -5 2.5 0 2.5 0\"><\/path>\n      <\/g>\n      <\/g>\n      <\/svg><\/a><\/span><\/h6><\/div>\n\t\t\t<\/div> \n\t\t<\/div>\n\t<\/div> \n<\/div><\/div>","protected":false},"excerpt":{"rendered":"Soluciones que evolucionan la nutrici\u00f3n animal En Adinnova trabajamos de manera integral para desarrollar aditivos naturales de alta calidad. Nuestra tecnolog\u00eda impulsa la productividad, la sanidad y el bienestar animal...","protected":false},"author":1,"featured_media":0,"parent":0,"menu_order":0,"comment_status":"closed","ping_status":"closed","template":"","meta":{"_joinchat":[],"footnotes":""},"class_list":["post-44","page","type-page","status-publish"],"yoast_head":"<!-- This site is optimized with the Yoast SEO plugin v26.6 - https:\/\/yoast.com\/wordpress\/plugins\/seo\/ -->\n<title>Servicios en nutrici\u00f3n animal | Adinnova<\/title>\n<meta name=\"description\" content=\"Asesoramiento, an\u00e1lisis en AdiLab, formulaci\u00f3n de raciones y acompa\u00f1amiento en campo. Soluciones a medida para nutrici\u00f3n animal. Descubr\u00ed m\u00e1s.\" \/>\n<meta name=\"robots\" content=\"index, follow, max-snippet:-1, max-image-preview:large, max-video-preview:-1\" \/>\n<link rel=\"canonical\" href=\"https:\/\/adinnova.com.ar\/pt\/servicios\/\" \/>\n<meta property=\"og:locale\" content=\"pt_BR\" \/>\n<meta property=\"og:type\" content=\"article\" \/>\n<meta property=\"og:title\" content=\"Servicios en nutrici\u00f3n animal | Adinnova\" \/>\n<meta property=\"og:description\" content=\"Asesoramiento, an\u00e1lisis en AdiLab, formulaci\u00f3n de raciones y acompa\u00f1amiento en campo. Soluciones a medida para nutrici\u00f3n animal. Descubr\u00ed m\u00e1s.\" \/>\n<meta property=\"og:url\" content=\"https:\/\/adinnova.com.ar\/pt\/servicios\/\" \/>\n<meta property=\"og:site_name\" content=\"Adinnova | Tecnolog\u00eda natural en aditivos para nutrici\u00f3n animal\" \/>\n<meta property=\"article:modified_time\" content=\"2025-11-17T18:41:02+00:00\" \/>\n<meta name=\"twitter:card\" content=\"summary_large_image\" \/>\n<meta name=\"twitter:label1\" content=\"Est. tempo de leitura\" \/>\n\t<meta name=\"twitter:data1\" content=\"2 minutos\" \/>\n<script type=\"application\/ld+json\" class=\"yoast-schema-graph\">{\"@context\":\"https:\/\/schema.org\",\"@graph\":[{\"@type\":\"WebPage\",\"@id\":\"https:\/\/adinnova.com.ar\/servicios\/\",\"url\":\"https:\/\/adinnova.com.ar\/servicios\/\",\"name\":\"Servicios en nutrici\u00f3n animal | Adinnova\",\"isPartOf\":{\"@id\":\"https:\/\/adinnova.com.ar\/#website\"},\"datePublished\":\"2024-06-28T11:51:59+00:00\",\"dateModified\":\"2025-11-17T18:41:02+00:00\",\"description\":\"Asesoramiento, an\u00e1lisis en AdiLab, formulaci\u00f3n de raciones y acompa\u00f1amiento en campo. Soluciones a medida para nutrici\u00f3n animal. Descubr\u00ed m\u00e1s.\",\"breadcrumb\":{\"@id\":\"https:\/\/adinnova.com.ar\/servicios\/#breadcrumb\"},\"inLanguage\":\"pt-BR\",\"potentialAction\":[{\"@type\":\"ReadAction\",\"target\":[\"https:\/\/adinnova.com.ar\/servicios\/\"]}]},{\"@type\":\"BreadcrumbList\",\"@id\":\"https:\/\/adinnova.com.ar\/servicios\/#breadcrumb\",\"itemListElement\":[{\"@type\":\"ListItem\",\"position\":1,\"name\":\"Portada\",\"item\":\"https:\/\/adinnova.com.ar\/\"},{\"@type\":\"ListItem\",\"position\":2,\"name\":\"Servicios\"}]},{\"@type\":\"WebSite\",\"@id\":\"https:\/\/adinnova.com.ar\/#website\",\"url\":\"https:\/\/adinnova.com.ar\/\",\"name\":\"Adinnova | Tecnolog\u00eda natural en aditivos para nutrici\u00f3n animal\",\"description\":\"En Adinnova desarrollamos aditivos para nutrici\u00f3n animal con y brindamos soluciones a medida. Somos innovaci\u00f3n, proactivos por naturaleza.\",\"publisher\":{\"@id\":\"https:\/\/adinnova.com.ar\/#organization\"},\"potentialAction\":[{\"@type\":\"SearchAction\",\"target\":{\"@type\":\"EntryPoint\",\"urlTemplate\":\"https:\/\/adinnova.com.ar\/?s={search_term_string}\"},\"query-input\":{\"@type\":\"PropertyValueSpecification\",\"valueRequired\":true,\"valueName\":\"search_term_string\"}}],\"inLanguage\":\"pt-BR\"},{\"@type\":\"Organization\",\"@id\":\"https:\/\/adinnova.com.ar\/#organization\",\"name\":\"Adinnova | Tecnolog\u00eda natural en aditivos para nutrici\u00f3n animal\",\"url\":\"https:\/\/adinnova.com.ar\/\",\"logo\":{\"@type\":\"ImageObject\",\"inLanguage\":\"pt-BR\",\"@id\":\"https:\/\/adinnova.com.ar\/#\/schema\/logo\/image\/\",\"url\":\"https:\/\/adinnova.com.ar\/wp-content\/uploads\/2025\/09\/Adinnova-logo-blanco.webp\",\"contentUrl\":\"https:\/\/adinnova.com.ar\/wp-content\/uploads\/2025\/09\/Adinnova-logo-blanco.webp\",\"width\":300,\"height\":131,\"caption\":\"Adinnova | Tecnolog\u00eda natural en aditivos para nutrici\u00f3n animal\"},\"image\":{\"@id\":\"https:\/\/adinnova.com.ar\/#\/schema\/logo\/image\/\"}}]}<\/script>\n<!-- \/ Yoast SEO plugin. -->","yoast_head_json":{"title":"Servicios en nutrici\u00f3n animal | Adinnova","description":"Asesoramiento, an\u00e1lisis en AdiLab, formulaci\u00f3n de raciones y acompa\u00f1amiento en campo. Soluciones a medida para nutrici\u00f3n animal. Descubr\u00ed m\u00e1s.","robots":{"index":"index","follow":"follow","max-snippet":"max-snippet:-1","max-image-preview":"max-image-preview:large","max-video-preview":"max-video-preview:-1"},"canonical":"https:\/\/adinnova.com.ar\/pt\/servicios\/","og_locale":"pt_BR","og_type":"article","og_title":"Servicios en nutrici\u00f3n animal | Adinnova","og_description":"Asesoramiento, an\u00e1lisis en AdiLab, formulaci\u00f3n de raciones y acompa\u00f1amiento en campo. Soluciones a medida para nutrici\u00f3n animal. Descubr\u00ed m\u00e1s.","og_url":"https:\/\/adinnova.com.ar\/pt\/servicios\/","og_site_name":"Adinnova | Tecnolog\u00eda natural en aditivos para nutrici\u00f3n animal","article_modified_time":"2025-11-17T18:41:02+00:00","twitter_card":"summary_large_image","twitter_misc":{"Est. tempo de leitura":"2 minutos"},"schema":{"@context":"https:\/\/schema.org","@graph":[{"@type":"WebPage","@id":"https:\/\/adinnova.com.ar\/servicios\/","url":"https:\/\/adinnova.com.ar\/servicios\/","name":"Servicios en nutrici\u00f3n animal | Adinnova","isPartOf":{"@id":"https:\/\/adinnova.com.ar\/#website"},"datePublished":"2024-06-28T11:51:59+00:00","dateModified":"2025-11-17T18:41:02+00:00","description":"Asesoramiento, an\u00e1lisis en AdiLab, formulaci\u00f3n de raciones y acompa\u00f1amiento en campo. Soluciones a medida para nutrici\u00f3n animal. Descubr\u00ed m\u00e1s.","breadcrumb":{"@id":"https:\/\/adinnova.com.ar\/servicios\/#breadcrumb"},"inLanguage":"pt-BR","potentialAction":[{"@type":"ReadAction","target":["https:\/\/adinnova.com.ar\/servicios\/"]}]},{"@type":"BreadcrumbList","@id":"https:\/\/adinnova.com.ar\/servicios\/#breadcrumb","itemListElement":[{"@type":"ListItem","position":1,"name":"Portada","item":"https:\/\/adinnova.com.ar\/"},{"@type":"ListItem","position":2,"name":"Servicios"}]},{"@type":"WebSite","@id":"https:\/\/adinnova.com.ar\/#website","url":"https:\/\/adinnova.com.ar\/","name":"Adinnova | Tecnolog\u00eda natural en aditivos para nutrici\u00f3n animal","description":"En Adinnova desarrollamos aditivos para nutrici\u00f3n animal con y brindamos soluciones a medida. Somos innovaci\u00f3n, proactivos por naturaleza.","publisher":{"@id":"https:\/\/adinnova.com.ar\/#organization"},"potentialAction":[{"@type":"SearchAction","target":{"@type":"EntryPoint","urlTemplate":"https:\/\/adinnova.com.ar\/?s={search_term_string}"},"query-input":{"@type":"PropertyValueSpecification","valueRequired":true,"valueName":"search_term_string"}}],"inLanguage":"pt-BR"},{"@type":"Organization","@id":"https:\/\/adinnova.com.ar\/#organization","name":"Adinnova | Tecnolog\u00eda natural en aditivos para nutrici\u00f3n animal","url":"https:\/\/adinnova.com.ar\/","logo":{"@type":"ImageObject","inLanguage":"pt-BR","@id":"https:\/\/adinnova.com.ar\/#\/schema\/logo\/image\/","url":"https:\/\/adinnova.com.ar\/wp-content\/uploads\/2025\/09\/Adinnova-logo-blanco.webp","contentUrl":"https:\/\/adinnova.com.ar\/wp-content\/uploads\/2025\/09\/Adinnova-logo-blanco.webp","width":300,"height":131,"caption":"Adinnova | Tecnolog\u00eda natural en aditivos para nutrici\u00f3n animal"},"image":{"@id":"https:\/\/adinnova.com.ar\/#\/schema\/logo\/image\/"}}]}},"_hostinger_reach_plugin_has_subscription_block":false,"_hostinger_reach_plugin_is_elementor":false,"_links":{"self":[{"href":"https:\/\/adinnova.com.ar\/pt\/wp-json\/wp\/v2\/pages\/44","targetHints":{"allow":["GET"]}}],"collection":[{"href":"https:\/\/adinnova.com.ar\/pt\/wp-json\/wp\/v2\/pages"}],"about":[{"href":"https:\/\/adinnova.com.ar\/pt\/wp-json\/wp\/v2\/types\/page"}],"author":[{"embeddable":true,"href":"https:\/\/adinnova.com.ar\/pt\/wp-json\/wp\/v2\/users\/1"}],"replies":[{"embeddable":true,"href":"https:\/\/adinnova.com.ar\/pt\/wp-json\/wp\/v2\/comments?post=44"}],"version-history":[{"count":30,"href":"https:\/\/adinnova.com.ar\/pt\/wp-json\/wp\/v2\/pages\/44\/revisions"}],"predecessor-version":[{"id":688,"href":"https:\/\/adinnova.com.ar\/pt\/wp-json\/wp\/v2\/pages\/44\/revisions\/688"}],"wp:attachment":[{"href":"https:\/\/adinnova.com.ar\/pt\/wp-json\/wp\/v2\/media?parent=44"}],"curies":[{"name":"wp","href":"https:\/\/api.w.org\/{rel}","templated":true}]}}