{"id":296,"date":"2025-09-05T19:41:47","date_gmt":"2025-09-05T19:41:47","guid":{"rendered":"https:\/\/adinnova.com.ar\/?page_id=296"},"modified":"2025-10-24T20:44:42","modified_gmt":"2025-10-24T20:44:42","slug":"sumate","status":"publish","type":"page","link":"https:\/\/adinnova.com.ar\/pt\/sumate\/","title":{"rendered":"Trabaja con nosotros"},"content":{"rendered":"<div id=\"fws_69dcee4c16bb9\"  data-column-margin=\"default\" data-midnight=\"dark\"  class=\"wpb_row vc_row-fluid vc_row full-width-section\"  style=\"padding-top: 0px; padding-bottom: 0px; \"><div class=\"row-bg-wrap\" data-bg-animation=\"zoom-out-slow\" data-bg-animation-delay=\"\" data-bg-overlay=\"true\"><div class=\"inner-wrap row-bg-layer using-image\" ><div class=\"row-bg viewport-desktop using-image\"  style=\"background-image: url(https:\/\/adinnova.com.ar\/wp-content\/uploads\/2024\/08\/IMG_7064.webp); background-position: center center; background-repeat: no-repeat; \"><\/div><\/div><div class=\"row-bg-overlay row-bg-layer\" style=\"background-color:#000000;  opacity: 0.3; \"><\/div><\/div><div class=\"row_col_wrap_12 col span_12 dark left\">\n\t<div style=\"margin-top: 15%; margin-bottom: 15%; \" class=\"vc_col-sm-12 wpb_column column_container vc_column_container col no-extra-padding inherit_tablet inherit_phone\"  data-padding-pos=\"all\" data-has-bg-color=\"false\" data-bg-color=\"\" data-bg-opacity=\"1\" data-animation=\"\" data-delay=\"0\" >\n\t\t<div class=\"vc_column-inner\" >\n\t\t\t<div class=\"wpb_wrapper\">\n\t\t\t\t<div id=\"fws_69dcee4c16df7\" data-midnight=\"\" data-column-margin=\"default\" class=\"wpb_row vc_row-fluid vc_row inner_row\"  style=\"\"><div class=\"row-bg-wrap\"> <div class=\"row-bg\" ><\/div> <\/div><div class=\"row_col_wrap_12_inner col span_12  left\">\n\t<div  class=\"vc_col-sm-12 wpb_column column_container vc_column_container col child_column centered-text padding-4-percent inherit_tablet inherit_phone\"   data-padding-pos=\"all\" data-has-bg-color=\"false\" data-bg-color=\"\" data-bg-opacity=\"1\" data-animation=\"\" data-delay=\"0\" >\n\t\t<div class=\"vc_column-inner\" >\n\t\t<div class=\"wpb_wrapper\">\n\t\t\t<div class=\"nectar-responsive-text font_size_desktop_4em font_size_phone_3em font_line_height_1-1 nectar-link-underline-effect\" style=\"color: #ffffff;\"><h1>Junte-se ao mundo Adinnova!<\/h1>\n<\/div>\n\t\t<\/div> \n\t<\/div>\n\t<\/div> \n<\/div><\/div>\n\t\t\t<\/div> \n\t\t<\/div>\n\t<\/div> \n<\/div><\/div>\n\t\t<div id=\"fws_69dcee4c1706f\"  data-column-margin=\"default\" data-midnight=\"dark\"  class=\"wpb_row vc_row-fluid vc_row\"  style=\"padding-top: 0px; padding-bottom: 0px; \"><div class=\"row-bg-wrap\" data-bg-animation=\"none\" data-bg-animation-delay=\"\" data-bg-overlay=\"false\"><div class=\"inner-wrap row-bg-layer\" ><div class=\"row-bg viewport-desktop\"  style=\"\"><\/div><\/div><\/div><div class=\"row_col_wrap_12 col span_12 dark left\">\n\t<div style=\"margin-top: 6%; margin-bottom: 6%; \" class=\"vc_col-sm-12 wpb_column column_container vc_column_container col no-extra-padding inherit_tablet inherit_phone\"  data-padding-pos=\"all\" data-has-bg-color=\"false\" data-bg-color=\"\" data-bg-opacity=\"1\" data-animation=\"\" data-delay=\"0\" >\n\t\t<div class=\"vc_column-inner\" >\n\t\t\t<div class=\"wpb_wrapper\">\n\t\t\t\t<div class=\"nectar-responsive-text font_size_desktop_1em font_size_phone_1em font_line_height_1-2 nectar-link-underline-effect\" style=\"color: #263063;\"><p style=\"text-align: center\">Na Adinnova, somos inspirados pelos tempos de mudan\u00e7a e estamos sempre em busca de ir al\u00e9m.<br \/>\nQuer fazer parte da nossa equipe proativa? Este \u00e9 o momento!<\/p>\n<\/div><div id=\"fws_69dcee4c171f7\" data-midnight=\"\" data-column-margin=\"default\" class=\"wpb_row vc_row-fluid vc_row inner_row  right_padding_12pct left_padding_12pct right_padding_phone_0px left_padding_phone_0px\"  style=\"\"><div class=\"row-bg-wrap\"> <div class=\"row-bg\" ><\/div> <\/div><div class=\"row_col_wrap_12_inner col span_12  left\">\n\t<div  class=\"vc_col-sm-12 wpb_column column_container vc_column_container col child_column no-extra-padding inherit_tablet inherit_phone\"   data-padding-pos=\"all\" data-has-bg-color=\"false\" data-bg-color=\"\" data-bg-opacity=\"1\" data-animation=\"\" data-delay=\"0\" >\n\t\t<div class=\"vc_column-inner\" >\n\t\t<div class=\"wpb_wrapper\">\n\t\t\t\n<div class=\"wpcf7 no-js\" id=\"wpcf7-f300-o1\" lang=\"es-ES\" dir=\"ltr\" data-wpcf7-id=\"300\">\n<div class=\"screen-reader-response\"><p role=\"status\" aria-live=\"polite\" aria-atomic=\"true\"><\/p> <ul><\/ul><\/div>\n<form action=\"\/pt\/wp-json\/wp\/v2\/pages\/296#wpcf7-f300-o1\" method=\"post\" class=\"wpcf7-form init\" aria-label=\"Formulario de contacto\" novalidate=\"novalidate\" data-status=\"init\" data-trp-original-action=\"\/pt\/wp-json\/wp\/v2\/pages\/296#wpcf7-f300-o1\">\n<fieldset class=\"hidden-fields-container\"><input type=\"hidden\" name=\"_wpcf7\" value=\"300\" \/><input type=\"hidden\" name=\"_wpcf7_version\" value=\"6.1.4\" \/><input type=\"hidden\" name=\"_wpcf7_locale\" value=\"es_ES\" \/><input type=\"hidden\" name=\"_wpcf7_unit_tag\" value=\"wpcf7-f300-o1\" \/><input type=\"hidden\" name=\"_wpcf7_container_post\" value=\"0\" \/><input type=\"hidden\" name=\"_wpcf7_posted_data_hash\" value=\"\" \/><input type=\"hidden\" name=\"_wpcf7_recaptcha_response\" value=\"\" \/>\n<\/fieldset>\n<div class=\"cf-container\">\n\t<div class=\"cf-col-12\">\n\t\t<p><label> Nome e sobrenome<br \/>\n<span class=\"wpcf7-form-control-wrap\" data-name=\"your-name\"><input size=\"40\" maxlength=\"400\" class=\"wpcf7-form-control wpcf7-text wpcf7-validates-as-required\" aria-required=\"true\" aria-invalid=\"false\" value=\"\" type=\"text\" name=\"your-name\" \/><\/span> <\/label>\n\t\t<\/p>\n\t<\/div>\n\t<div class=\"cf-col-12\">\n\t\t<p><label> E-mail<br \/>\n<span class=\"wpcf7-form-control-wrap\" data-name=\"your-email\"><input size=\"40\" maxlength=\"400\" class=\"wpcf7-form-control wpcf7-email wpcf7-validates-as-required wpcf7-text wpcf7-validates-as-email\" aria-required=\"true\" aria-invalid=\"false\" value=\"\" type=\"email\" name=\"your-email\" \/><\/span> <\/label>\n\t\t<\/p>\n\t<\/div>\n\t<div class=\"cf-col-12\">\n\t\t<p><label> Celular<br \/>\n<span class=\"wpcf7-form-control-wrap\" data-name=\"tel\"><input size=\"40\" maxlength=\"400\" class=\"wpcf7-form-control wpcf7-tel wpcf7-validates-as-required wpcf7-text wpcf7-validates-as-tel\" aria-required=\"true\" aria-invalid=\"false\" value=\"\" type=\"tel\" name=\"tel\" \/><\/span> <\/label>\n\t\t<\/p>\n\t<\/div>\n\t<div class=\"cf-col-6\">\n\t\t<p><label> Linkedin<br \/>\n<span class=\"wpcf7-form-control-wrap\" data-name=\"linkedin\"><input size=\"40\" maxlength=\"400\" class=\"wpcf7-form-control wpcf7-text\" aria-invalid=\"false\" value=\"\" type=\"text\" name=\"linkedin\" \/><\/span> <\/label>\n\t\t<\/p>\n\t<\/div>\n\t<div class=\"cf-col-6\">\n\t\t<p><label> Link do CV<br \/>\n<span class=\"wpcf7-form-control-wrap\" data-name=\"cv\"><input size=\"40\" maxlength=\"400\" class=\"wpcf7-form-control wpcf7-text wpcf7-validates-as-required\" aria-required=\"true\" aria-invalid=\"false\" value=\"\" type=\"text\" name=\"cv\" \/><\/span><\/label>\n\t\t<\/p>\n\t<\/div>\n\t<div class=\"cf-col-12\">\n\t\t<p><label> Mensagem<br \/>\n<span class=\"wpcf7-form-control-wrap\" data-name=\"mensaje\"><textarea cols=\"40\" rows=\"10\" maxlength=\"2000\" class=\"wpcf7-form-control wpcf7-textarea\" aria-invalid=\"false\" name=\"mensaje\"><\/textarea><\/span> <\/label>\n\t\t<\/p>\n\t<\/div>\n\t<div id=\"btnForm\" class=\"cf-col-12\">\n\t\t<p><input class=\"wpcf7-form-control wpcf7-submit has-spinner\" type=\"submit\" value=\"Quero fazer parte\" \/>\n\t\t<\/p>\n\t<\/div>\n<\/div><p style=\"display: none !important;\" class=\"akismet-fields-container\" data-prefix=\"_wpcf7_ak_\"><label>&#916;<textarea name=\"_wpcf7_ak_hp_textarea\" cols=\"45\" rows=\"8\" maxlength=\"100\"><\/textarea><\/label><input type=\"hidden\" id=\"ak_js_1\" name=\"_wpcf7_ak_js\" value=\"242\"\/><script>document.getElementById( \"ak_js_1\" ).setAttribute( \"value\", ( new Date() ).getTime() );<\/script><\/p><div class=\"wpcf7-response-output\" aria-hidden=\"true\"><\/div>\n<input type=\"hidden\" name=\"trp-form-language\" value=\"pt\"\/><\/form>\n<\/div>\n\n\t\t<\/div> \n\t<\/div>\n\t<\/div> \n<\/div><\/div>\n\t\t\t<\/div> \n\t\t<\/div>\n\t<\/div> \n<\/div><\/div>\n\t\t<div id=\"fws_69dcee4c1941b\"  data-column-margin=\"default\" data-midnight=\"dark\"  class=\"wpb_row vc_row-fluid vc_row vc_row-o-equal-height vc_row-flex vc_row-o-content-middle\"  style=\"padding-top: 0px; padding-bottom: 0px; \"><div class=\"row-bg-wrap\" data-bg-animation=\"none\" data-bg-animation-delay=\"\" data-bg-overlay=\"false\"><div class=\"inner-wrap row-bg-layer\" ><div class=\"row-bg viewport-desktop\"  style=\"\"><\/div><\/div><\/div><div class=\"row_col_wrap_12 col span_12 dark left\">\n\t<div  class=\"vc_col-sm-8 vc_hidden-xs wpb_column column_container vc_column_container col no-extra-padding inherit_tablet inherit_phone\"  data-padding-pos=\"all\" data-has-bg-color=\"false\" data-bg-color=\"\" data-bg-opacity=\"1\" data-animation=\"\" data-delay=\"0\" >\n\t\t<div class=\"vc_column-inner\" >\n\t\t\t<div class=\"wpb_wrapper\">\n\t\t\t\t\n\t\t\t<\/div> \n\t\t<\/div>\n\t<\/div> \n\n\t<div  class=\"vc_col-sm-4 wpb_column column_container vc_column_container col centered-text no-extra-padding inherit_tablet inherit_phone\"  data-padding-pos=\"all\" data-has-bg-color=\"false\" data-bg-color=\"\" data-bg-opacity=\"1\" data-animation=\"\" data-delay=\"0\" >\n\t\t<div class=\"vc_column-inner\" >\n\t\t\t<div class=\"wpb_wrapper\">\n\t\t\t\t<div class=\"nectar-responsive-text font_size_desktop_1em font_size_phone_1em font_line_height_1px nectar-link-underline-effect\" style=\"color: #263063;\"><h3 style=\"text-align: center\">Explore o mundo Adinnova<\/h3>\n<\/div><div class=\"nectar_icon_wrap\" data-style=\"default\" data-padding=\"20px\" data-color=\"accent-color\" style=\"margin-right: 10px; \" >\n\t\t<div class=\"nectar_icon\" ><a href=\"https:\/\/www.instagram.com\/somosadinnova\/\" target=\"_blank\"><\/a><i style=\"font-size: 35px; line-height: 35px; height: 35px; width: 35px;\" class=\"fa fa-instagram\"><\/i><\/div>\n\t<\/div><div class=\"nectar_icon_wrap\" data-style=\"default\" data-padding=\"20px\" data-color=\"accent-color\" style=\"margin-right: 10px; \" >\n\t\t<div class=\"nectar_icon\" ><a href=\"https:\/\/linkedin.com\/company\/somosadinnova\" target=\"_blank\"><\/a><i style=\"font-size: 30px; line-height: 30px; height: 30px; width: 30px;\" class=\"fa fa-linkedin\"><\/i><\/div>\n\t<\/div><div class=\"nectar_icon_wrap\" data-style=\"default\" data-padding=\"5px\" data-color=\"accent-color\" style=\"margin-right: 10px; \" >\n\t\t<div class=\"nectar_icon\" ><a href=\"https:\/\/www.youtube.com\/@Adinnova\" target=\"_blank\"><\/a><i style=\"font-size: 35px; line-height: 35px; height: 35px; width: 35px;\" class=\"fa fa-youtube-play\"><\/i><\/div>\n\t<\/div>\n\t\t\t<\/div> \n\t\t<\/div>\n\t<\/div> \n<\/div><\/div>","protected":false},"excerpt":{"rendered":"\u00a1Sumate al mundo Adinnova! En Adinnova nos inspiran los tiempos de cambios y siempre vamos por m\u00e1s. \u00bfQuer\u00e9s ser parte de nuestro equipo proactivo? \u00a1Es el momento! Nombre y apellido...","protected":false},"author":1,"featured_media":0,"parent":0,"menu_order":0,"comment_status":"closed","ping_status":"closed","template":"","meta":{"_joinchat":[],"footnotes":""},"class_list":["post-296","page","type-page","status-publish"],"yoast_head":"<!-- This site is optimized with the Yoast SEO plugin v26.6 - https:\/\/yoast.com\/wordpress\/plugins\/seo\/ -->\n<title>Trabaj\u00e1 con nosotros - Adinnova | Tecnolog\u00eda natural en aditivos para nutrici\u00f3n animal<\/title>\n<meta name=\"robots\" content=\"index, follow, max-snippet:-1, max-image-preview:large, max-video-preview:-1\" \/>\n<link rel=\"canonical\" href=\"https:\/\/adinnova.com.ar\/pt\/sumate\/\" \/>\n<meta property=\"og:locale\" content=\"pt_BR\" \/>\n<meta property=\"og:type\" content=\"article\" \/>\n<meta property=\"og:title\" content=\"Trabaj\u00e1 con nosotros - Adinnova | Tecnolog\u00eda natural en aditivos para nutrici\u00f3n animal\" \/>\n<meta property=\"og:url\" content=\"https:\/\/adinnova.com.ar\/pt\/sumate\/\" \/>\n<meta property=\"og:site_name\" content=\"Adinnova | Tecnolog\u00eda natural en aditivos para nutrici\u00f3n animal\" \/>\n<meta property=\"article:modified_time\" content=\"2025-10-24T20:44:42+00:00\" \/>\n<meta name=\"twitter:card\" content=\"summary_large_image\" \/>\n<meta name=\"twitter:label1\" content=\"Est. tempo de leitura\" \/>\n\t<meta name=\"twitter:data1\" content=\"2 minutos\" \/>\n<script type=\"application\/ld+json\" class=\"yoast-schema-graph\">{\"@context\":\"https:\/\/schema.org\",\"@graph\":[{\"@type\":\"WebPage\",\"@id\":\"https:\/\/adinnova.com.ar\/sumate\/\",\"url\":\"https:\/\/adinnova.com.ar\/sumate\/\",\"name\":\"Trabaj\u00e1 con nosotros - Adinnova | Tecnolog\u00eda natural en aditivos para nutrici\u00f3n animal\",\"isPartOf\":{\"@id\":\"https:\/\/adinnova.com.ar\/#website\"},\"datePublished\":\"2025-09-05T19:41:47+00:00\",\"dateModified\":\"2025-10-24T20:44:42+00:00\",\"breadcrumb\":{\"@id\":\"https:\/\/adinnova.com.ar\/sumate\/#breadcrumb\"},\"inLanguage\":\"pt-BR\",\"potentialAction\":[{\"@type\":\"ReadAction\",\"target\":[\"https:\/\/adinnova.com.ar\/sumate\/\"]}]},{\"@type\":\"BreadcrumbList\",\"@id\":\"https:\/\/adinnova.com.ar\/sumate\/#breadcrumb\",\"itemListElement\":[{\"@type\":\"ListItem\",\"position\":1,\"name\":\"Portada\",\"item\":\"https:\/\/adinnova.com.ar\/\"},{\"@type\":\"ListItem\",\"position\":2,\"name\":\"Trabaja con nosotros\"}]},{\"@type\":\"WebSite\",\"@id\":\"https:\/\/adinnova.com.ar\/#website\",\"url\":\"https:\/\/adinnova.com.ar\/\",\"name\":\"Adinnova | Tecnolog\u00eda natural en aditivos para nutrici\u00f3n animal\",\"description\":\"En Adinnova desarrollamos aditivos para nutrici\u00f3n animal con y brindamos soluciones a medida. Somos innovaci\u00f3n, proactivos por naturaleza.\",\"publisher\":{\"@id\":\"https:\/\/adinnova.com.ar\/#organization\"},\"potentialAction\":[{\"@type\":\"SearchAction\",\"target\":{\"@type\":\"EntryPoint\",\"urlTemplate\":\"https:\/\/adinnova.com.ar\/?s={search_term_string}\"},\"query-input\":{\"@type\":\"PropertyValueSpecification\",\"valueRequired\":true,\"valueName\":\"search_term_string\"}}],\"inLanguage\":\"pt-BR\"},{\"@type\":\"Organization\",\"@id\":\"https:\/\/adinnova.com.ar\/#organization\",\"name\":\"Adinnova | Tecnolog\u00eda natural en aditivos para nutrici\u00f3n animal\",\"url\":\"https:\/\/adinnova.com.ar\/\",\"logo\":{\"@type\":\"ImageObject\",\"inLanguage\":\"pt-BR\",\"@id\":\"https:\/\/adinnova.com.ar\/#\/schema\/logo\/image\/\",\"url\":\"https:\/\/adinnova.com.ar\/wp-content\/uploads\/2025\/09\/Adinnova-logo-blanco.webp\",\"contentUrl\":\"https:\/\/adinnova.com.ar\/wp-content\/uploads\/2025\/09\/Adinnova-logo-blanco.webp\",\"width\":300,\"height\":131,\"caption\":\"Adinnova | Tecnolog\u00eda natural en aditivos para nutrici\u00f3n animal\"},\"image\":{\"@id\":\"https:\/\/adinnova.com.ar\/#\/schema\/logo\/image\/\"}}]}<\/script>\n<!-- \/ Yoast SEO plugin. -->","yoast_head_json":{"title":"Trabaj\u00e1 con nosotros - Adinnova | Tecnolog\u00eda natural en aditivos para nutrici\u00f3n animal","robots":{"index":"index","follow":"follow","max-snippet":"max-snippet:-1","max-image-preview":"max-image-preview:large","max-video-preview":"max-video-preview:-1"},"canonical":"https:\/\/adinnova.com.ar\/pt\/sumate\/","og_locale":"pt_BR","og_type":"article","og_title":"Trabaj\u00e1 con nosotros - Adinnova | Tecnolog\u00eda natural en aditivos para nutrici\u00f3n animal","og_url":"https:\/\/adinnova.com.ar\/pt\/sumate\/","og_site_name":"Adinnova | Tecnolog\u00eda natural en aditivos para nutrici\u00f3n animal","article_modified_time":"2025-10-24T20:44:42+00:00","twitter_card":"summary_large_image","twitter_misc":{"Est. tempo de leitura":"2 minutos"},"schema":{"@context":"https:\/\/schema.org","@graph":[{"@type":"WebPage","@id":"https:\/\/adinnova.com.ar\/sumate\/","url":"https:\/\/adinnova.com.ar\/sumate\/","name":"Trabaj\u00e1 con nosotros - Adinnova | Tecnolog\u00eda natural en aditivos para nutrici\u00f3n animal","isPartOf":{"@id":"https:\/\/adinnova.com.ar\/#website"},"datePublished":"2025-09-05T19:41:47+00:00","dateModified":"2025-10-24T20:44:42+00:00","breadcrumb":{"@id":"https:\/\/adinnova.com.ar\/sumate\/#breadcrumb"},"inLanguage":"pt-BR","potentialAction":[{"@type":"ReadAction","target":["https:\/\/adinnova.com.ar\/sumate\/"]}]},{"@type":"BreadcrumbList","@id":"https:\/\/adinnova.com.ar\/sumate\/#breadcrumb","itemListElement":[{"@type":"ListItem","position":1,"name":"Portada","item":"https:\/\/adinnova.com.ar\/"},{"@type":"ListItem","position":2,"name":"Trabaja con nosotros"}]},{"@type":"WebSite","@id":"https:\/\/adinnova.com.ar\/#website","url":"https:\/\/adinnova.com.ar\/","name":"Adinnova | Tecnolog\u00eda natural en aditivos para nutrici\u00f3n animal","description":"En Adinnova desarrollamos aditivos para nutrici\u00f3n animal con y brindamos soluciones a medida. Somos innovaci\u00f3n, proactivos por naturaleza.","publisher":{"@id":"https:\/\/adinnova.com.ar\/#organization"},"potentialAction":[{"@type":"SearchAction","target":{"@type":"EntryPoint","urlTemplate":"https:\/\/adinnova.com.ar\/?s={search_term_string}"},"query-input":{"@type":"PropertyValueSpecification","valueRequired":true,"valueName":"search_term_string"}}],"inLanguage":"pt-BR"},{"@type":"Organization","@id":"https:\/\/adinnova.com.ar\/#organization","name":"Adinnova | Tecnolog\u00eda natural en aditivos para nutrici\u00f3n animal","url":"https:\/\/adinnova.com.ar\/","logo":{"@type":"ImageObject","inLanguage":"pt-BR","@id":"https:\/\/adinnova.com.ar\/#\/schema\/logo\/image\/","url":"https:\/\/adinnova.com.ar\/wp-content\/uploads\/2025\/09\/Adinnova-logo-blanco.webp","contentUrl":"https:\/\/adinnova.com.ar\/wp-content\/uploads\/2025\/09\/Adinnova-logo-blanco.webp","width":300,"height":131,"caption":"Adinnova | Tecnolog\u00eda natural en aditivos para nutrici\u00f3n animal"},"image":{"@id":"https:\/\/adinnova.com.ar\/#\/schema\/logo\/image\/"}}]}},"_hostinger_reach_plugin_has_subscription_block":false,"_hostinger_reach_plugin_is_elementor":false,"_links":{"self":[{"href":"https:\/\/adinnova.com.ar\/pt\/wp-json\/wp\/v2\/pages\/296","targetHints":{"allow":["GET"]}}],"collection":[{"href":"https:\/\/adinnova.com.ar\/pt\/wp-json\/wp\/v2\/pages"}],"about":[{"href":"https:\/\/adinnova.com.ar\/pt\/wp-json\/wp\/v2\/types\/page"}],"author":[{"embeddable":true,"href":"https:\/\/adinnova.com.ar\/pt\/wp-json\/wp\/v2\/users\/1"}],"replies":[{"embeddable":true,"href":"https:\/\/adinnova.com.ar\/pt\/wp-json\/wp\/v2\/comments?post=296"}],"version-history":[{"count":11,"href":"https:\/\/adinnova.com.ar\/pt\/wp-json\/wp\/v2\/pages\/296\/revisions"}],"predecessor-version":[{"id":678,"href":"https:\/\/adinnova.com.ar\/pt\/wp-json\/wp\/v2\/pages\/296\/revisions\/678"}],"wp:attachment":[{"href":"https:\/\/adinnova.com.ar\/pt\/wp-json\/wp\/v2\/media?parent=296"}],"curies":[{"name":"wp","href":"https:\/\/api.w.org\/{rel}","templated":true}]}}