{"id":952,"date":"2026-02-27T20:39:45","date_gmt":"2026-02-27T20:39:45","guid":{"rendered":"https:\/\/adinnova.com.ar\/?page_id=952"},"modified":"2026-04-14T16:14:49","modified_gmt":"2026-04-14T16:14:49","slug":"preguntas-frecuentes","status":"publish","type":"page","link":"https:\/\/adinnova.com.ar\/en\/preguntas-frecuentes\/","title":{"rendered":"Preguntas frecuentes"},"content":{"rendered":"<div id=\"fws_69e12188e6bd6\"  data-column-margin=\"default\" data-midnight=\"light\" data-top-percent=\"1%\" data-bottom-percent=\"1%\"  class=\"wpb_row vc_row-fluid vc_row full-width-section has-row-bg-color\"  style=\"padding-top: calc(100vw * 0.01); padding-bottom: calc(100vw * 0.01); --row-bg-color: #8f97bd;\"><div class=\"row-bg-wrap\" data-bg-animation=\"none\" data-bg-animation-delay=\"\" data-bg-overlay=\"false\"><div class=\"inner-wrap row-bg-layer\" ><div class=\"row-bg viewport-desktop using-bg-color\"  style=\"background-color: #8f97bd; \"><\/div><\/div><\/div><ul class=\"nectar-parallax-scene row-bg-layer\" data-scene-position=\"center\" data-scene-strength=\"19\"><li class=\"layer\" data-depth=\"0.00\"><\/li><\/ul><div class=\"row_col_wrap_12 col span_12 light left\">\n\t<div  class=\"vc_col-sm-12 wpb_column column_container vc_column_container col no-extra-padding inherit_tablet inherit_phone flex_gap_desktop_10px\"  data-padding-pos=\"all\" data-has-bg-color=\"false\" data-bg-color=\"\" data-bg-opacity=\"1\" data-animation=\"\" data-delay=\"0\" >\n\t\t<div class=\"vc_column-inner\" >\n\t\t\t<div class=\"wpb_wrapper\">\n\t\t\t\t\n\t\t\t<\/div> \n\t\t<\/div>\n\t<\/div> \n<\/div><\/div>\n\t\t<div id=\"fws_69e12188e718c\"  data-column-margin=\"default\" data-midnight=\"dark\" data-top-percent=\"4%\" data-bottom-percent=\"4%\"  class=\"wpb_row vc_row-fluid vc_row full-width-content vc_row-o-equal-height vc_row-flex vc_row-o-content-middle parallax_section zindex-set right_padding_25pct left_padding_25pct right_padding_tablet_20pct right_padding_phone_24px left_padding_tablet_20pct left_padding_phone_24px\"  style=\"padding-top: calc(100vw * 0.04); padding-bottom: calc(100vw * 0.04);  z-index: 10;\"><div class=\"row-bg-wrap\" data-bg-animation=\"none\" data-bg-animation-delay=\"\" data-bg-overlay=\"true\"><div class=\"inner-wrap row-bg-layer using-image\" ><div class=\"row-bg viewport-desktop using-image using-bg-color\" data-parallax-speed=\"fast\" style=\"background-image: url(https:\/\/adinnova.com.ar\/wp-content\/uploads\/2026\/02\/Recurso-4-1.webp); background-position: left top; background-repeat: no-repeat; background-color: #ffffff; \"><\/div><\/div><div class=\"row-bg-overlay row-bg-layer\" style=\"background-color:#ffffff;  opacity: 0.95; \"><\/div><\/div><div class=\"row_col_wrap_12 col span_12 dark left\">\n\t<div  class=\"vc_col-sm-12 wpb_column column_container vc_column_container col no-extra-padding inherit_tablet inherit_phone flex_gap_desktop_10px\"  data-padding-pos=\"right\" data-has-bg-color=\"false\" data-bg-color=\"\" data-bg-opacity=\"1\" data-animation=\"\" data-delay=\"0\" >\n\t\t<div class=\"vc_column-inner\" >\n\t\t\t<div class=\"wpb_wrapper\">\n\t\t\t\t<div id=\"fws_69e12188e745b\" data-midnight=\"\" data-column-margin=\"default\" class=\"wpb_row vc_row-fluid vc_row inner_row\"  style=\"padding-bottom: 3%; \"><div class=\"row-bg-wrap\"> <div class=\"row-bg\" ><\/div> <\/div><div class=\"row_col_wrap_12_inner col span_12  left\">\n\t<div  class=\"vc_col-sm-12 wpb_column column_container vc_column_container col child_column centered-text no-extra-padding inherit_tablet inherit_phone flex_gap_desktop_10px\"   data-padding-pos=\"all\" data-has-bg-color=\"false\" data-bg-color=\"\" data-bg-opacity=\"1\" data-animation=\"\" data-delay=\"0\" >\n\t\t<div class=\"vc_column-inner\" >\n\t\t<div class=\"wpb_wrapper\">\n\t\t\t<div class=\"nectar-responsive-text font_size_desktop_3vw font_size_tablet_5vw font_size_phone_8vw font_line_height_1-1 nectar-link-underline-effect\" style=\"color: #263063;\"><h3>Preguntas frecuentes<\/h3>\n<\/div>\n\t\t<\/div> \n\t<\/div>\n\t<\/div> \n<\/div><\/div><div class=\"toggles accordion toggles--minimal-shadow\" data-br=\"20px\" data-starting=\"default\" data-style=\"minimal\"><div class=\"toggle default\" data-inner-wrap=\"true\"><h3 class=\"toggle-title\"><a href=\"#\" role=\"button\" class=\"nectar-inherit-h2 toggle-heading\"><i role=\"presentation\" class=\"fa fa-plus\"><\/i>\u00bfQu\u00e9 es Adinnova?<\/a><\/h3><div><div class=\"inner-toggle-wrap\"><div class=\"nectar-responsive-text font_size_min_14px font_size_max_20px font_size_desktop_1vw font_line_height_1-6 nectar-link-underline-effect\"><p><span style=\"font-weight: 400\">Adinnova es una empresa especializada en el <strong><em>desarrollo de biosoluciones para nutrici\u00f3n animal.<\/em><\/strong> Dise\u00f1amos aditivos funcionales que mejoran la eficiencia productiva, la salud animal y la sustentabilidad de los sistemas productivos.<\/span><\/p>\n<\/div><\/div><\/div><\/div><div class=\"toggle default\" data-inner-wrap=\"true\"><h3 class=\"toggle-title\"><a href=\"#\" role=\"button\" class=\"nectar-inherit-h2 toggle-heading\"><i role=\"presentation\" class=\"fa fa-plus\"><\/i>\u00bfQu\u00e9 tipo de productos ofrece Adinnova?<\/a><\/h3><div><div class=\"inner-toggle-wrap\"><div class=\"nectar-responsive-text font_size_min_14px font_size_max_20px font_size_desktop_1vw font_line_height_1-6 nectar-link-underline-effect\"><p><span style=\"font-weight: 400\">At Adinnova, we develop <strong><em>aditivos nutricionales para animales basados en enzimas, probi\u00f3ticos, metabolitos y extractos vegetales<\/em><\/strong>. Nuestras soluciones est\u00e1n orientadas a optimizar el metabolismo, mejorar la absorci\u00f3n de nutrientes y acompa\u00f1ar distintas etapas productivas.<\/span><\/p>\n<\/div><\/div><\/div><\/div><div class=\"toggle default\" data-inner-wrap=\"true\"><h3 class=\"toggle-title\"><a href=\"#\" role=\"button\" class=\"nectar-inherit-h2 toggle-heading\"><i role=\"presentation\" class=\"fa fa-plus\"><\/i>\u00bfPara cu\u00e1les especies est\u00e1n pensados los productos?<\/a><\/h3><div><div class=\"inner-toggle-wrap\"><div class=\"nectar-fancy-ul font_size_min_14px font_size_max_20px font_size_desktop_1vw font_line_height_1-6\" data-list-icon=\"dot\" data-animation=\"false\" data-animation-delay=\"0\" data-spacing=\"5px\" data-alignment=\"left\"> <span style=\"font-weight: 400\">Nuestros productos est\u00e1n<strong><em> dise\u00f1ados para m\u00faltiples especies y categor\u00edas, incluyendo avicultura, porcicultura, ganader\u00eda, acuicultura y mascotas<\/em><\/strong>, adapt\u00e1ndose a diferentes sistemas productivos y necesidades.<\/span> <\/div><\/div><\/div><\/div><div class=\"toggle default\" data-inner-wrap=\"true\"><h3 class=\"toggle-title\"><a href=\"#\" role=\"button\" class=\"nectar-inherit-h2 toggle-heading\"><i role=\"presentation\" class=\"fa fa-plus\"><\/i>\u00bfCu\u00e1l es el diferencial de Adinnova frente a otras soluciones?<\/a><\/h3><div><div class=\"inner-toggle-wrap\"><div class=\"nectar-fancy-ul font_size_min_14px font_size_max_20px font_size_desktop_1vw font_line_height_1-6\" data-list-icon=\"dot\" data-animation=\"false\" data-animation-delay=\"0\" data-spacing=\"5px\" data-alignment=\"left\"> <span style=\"font-weight: 400\"><em><strong>Combinamos desarrollo cient\u00edfico con producci\u00f3n propia<\/strong><\/em>. Contamos con un laboratorio (AdiLab) ubicado en la ciudad de Santa Fe y una planta productiva y log\u00edstica situada en<\/span><\/p>\n<p><span style=\"font-weight: 400\">Coronda.<\/span><\/p>\n<p><span style=\"font-weight: 400\">Contamos con un banco propio de microorganismos, alianzas con instituciones con universidades y otras instituciones. Realizamos formulaciones aptas para todas las especies y categor\u00edas de animales, como tambi\u00e9n soluciones a medida de nuestros clientes.<\/span><\/p>\n<p><span style=\"font-weight: 400\">En cada proceso, combinamos la investigaci\u00f3n exhaustiva con equipo interdisciplinario. Somos proactivos por naturaleza, la innovaci\u00f3n est\u00e1 en nuestra esencia.\u00a0<\/span> <\/div><\/div><\/div><\/div><div class=\"toggle default\" data-inner-wrap=\"true\"><h3 class=\"toggle-title\"><a href=\"#\" role=\"button\" class=\"nectar-inherit-h2 toggle-heading\"><i role=\"presentation\" class=\"fa fa-plus\"><\/i>\u00bfLos productos reemplazan aditivos tradicionales?<\/a><\/h3><div><div class=\"inner-toggle-wrap\"><div class=\"nectar-fancy-ul font_size_min_14px font_size_max_20px font_size_desktop_1vw font_line_height_1-6\" data-list-icon=\"dot\" data-animation=\"false\" data-animation-delay=\"0\" data-spacing=\"5px\" data-alignment=\"left\"> <span style=\"font-weight: 400\">En muchos casos <strong><em>nuestras soluciones pueden complementar o reemplazar aditivos tradicionales, ofreciendo mayor estabilidad, mejor eficiencia y menor impacto en la formulaci\u00f3n.<\/em><\/strong> Tambi\u00e9n, ofrecemos biosoluciones innovadoras que resuelven problem\u00e1ticas de diferentes mercados desde la nutrici\u00f3n.\u00a0<\/span> <\/div><\/div><\/div><\/div><div class=\"toggle default\" data-inner-wrap=\"true\"><h3 class=\"toggle-title\"><a href=\"#\" role=\"button\" class=\"nectar-inherit-h2 toggle-heading\"><i role=\"presentation\" class=\"fa fa-plus\"><\/i>\u00bfC\u00f3mo se desarrollan los productos?<\/a><\/h3><div><div class=\"inner-toggle-wrap\"><div class=\"nectar-fancy-ul font_size_min_14px font_size_max_20px font_size_desktop_1vw font_line_height_1-6\" data-list-icon=\"dot\" data-animation=\"false\" data-animation-delay=\"0\" data-spacing=\"5px\" data-alignment=\"left\"> <span style=\"font-weight: 400\">Los desarrollos de Adinnova surgen de <strong><em>i<\/em><em>nvestigaci\u00f3n aplicada en microbiolog\u00eda, biotecnolog\u00eda, nutrici\u00f3n y metabolismo animal<\/em><\/strong>. Cada producto es validado mediante ensayos experimentales y pruebas a campo. Somos ciencia al servicio de la nutrici\u00f3n animal.<\/span> <\/div><\/div><\/div><\/div><div class=\"toggle default\" data-inner-wrap=\"true\"><h3 class=\"toggle-title\"><a href=\"#\" role=\"button\" class=\"nectar-inherit-h2 toggle-heading\"><i role=\"presentation\" class=\"fa fa-plus\"><\/i>\u00bfD\u00f3nde se producen los productos?<\/a><\/h3><div><div class=\"inner-toggle-wrap\"><div class=\"nectar-fancy-ul font_size_min_14px font_size_max_20px font_size_desktop_1vw font_line_height_1-6\" data-list-icon=\"dot\" data-animation=\"false\" data-animation-delay=\"0\" data-spacing=\"5px\" data-alignment=\"left\"> <strong><em>Nuestros productos se desarrollan y fabrican en Argentina, con tecnolog\u00eda propia y control de calidad en cada etapa del proceso.\u00a0<\/em><\/strong><\/p>\n<p><span style=\"font-weight: 400\">AdiLab, nuestro propio laboratorio, est\u00e1 equipado con tecnolog\u00eda de \u00faltima generaci\u00f3n y un banco propio de microorganismos. All\u00ed nacen las investigaciones, innovaciones y desarrollos que definen nuestra propuesta de valor.\u00a0<\/span><\/p>\n<p><span style=\"font-weight: 400\">Nuestra Planta productiva y log\u00edstica cuenta con las<strong><em> certificaciones IRAM en el Sistema HACCP (An\u00e1lisis de Peligros y Puntos Cr\u00edticos de Control) y BPM (Buenas Pr\u00e1cticas de Manufactura en Alimentos para Nutrici\u00f3n Animal)<\/em><\/strong>. Ambas fueron otorgadas por el Instituto Argentino de Normalizaci\u00f3n y Certificaci\u00f3n, que validan nuestros procesos y garantizan est\u00e1ndares de calidad en cada etapa productiva.<\/span> <\/div><\/div><\/div><\/div><div class=\"toggle default\" data-inner-wrap=\"true\"><h3 class=\"toggle-title\"><a href=\"#\" role=\"button\" class=\"nectar-inherit-h2 toggle-heading\"><i role=\"presentation\" class=\"fa fa-plus\"><\/i>\u00bfAdinnova brinda asesoramiento t\u00e9cnico?<\/a><\/h3><div><div class=\"inner-toggle-wrap\"><div class=\"nectar-fancy-ul font_size_min_14px font_size_max_20px font_size_desktop_1vw font_line_height_1-6\" data-list-icon=\"dot\" data-animation=\"false\" data-animation-delay=\"0\" data-spacing=\"5px\" data-alignment=\"left\"> <span style=\"font-weight: 400\">S\u00ed. Adem\u00e1s de ofrecer nuestros aditivos naturales para nutrici\u00f3n animal, tambi\u00e9n realizamos asesoramiento t\u00e9cnico y servicios personalizados: <strong><em>desarrollo de aditivos a medida de clientes, an\u00e1lisis de micotoxinas, formulaci\u00f3n de raciones y acompa\u00f1amiento de campo.<\/em><\/strong><\/span> <\/div><\/div><\/div><\/div><div class=\"toggle default\" data-inner-wrap=\"true\"><h3 class=\"toggle-title\"><a href=\"#\" role=\"button\" class=\"nectar-inherit-h2 toggle-heading\"><i role=\"presentation\" class=\"fa fa-plus\"><\/i>\u00bfC\u00f3mo puedo saber qu\u00e9 producto necesito?<\/a><\/h3><div><div class=\"inner-toggle-wrap\"><div class=\"nectar-fancy-ul font_size_min_14px font_size_max_20px font_size_desktop_1vw font_line_height_1-6\" data-list-icon=\"dot\" data-animation=\"false\" data-animation-delay=\"0\" data-spacing=\"5px\" data-alignment=\"left\"> <span style=\"font-weight: 400\">Nuestro <em><strong>equipo t\u00e9cnico analiza cada caso en funci\u00f3n de la especie, etapa productiva y objetivos del sistema.<\/strong><\/em> A partir de eso, recomendamos la soluci\u00f3n m\u00e1s adecuada.<\/span> <\/div><\/div><\/div><\/div><div class=\"toggle default\" data-inner-wrap=\"true\"><h3 class=\"toggle-title\"><a href=\"#\" role=\"button\" class=\"nectar-inherit-h2 toggle-heading\"><i role=\"presentation\" class=\"fa fa-plus\"><\/i>\u00bfC\u00f3mo puedo contactar a Adinnova?<\/a><\/h3><div><div class=\"inner-toggle-wrap\"><div class=\"nectar-fancy-ul font_size_min_14px font_size_max_20px font_size_desktop_1vw font_line_height_1-6\" data-list-icon=\"dot\" data-animation=\"false\" data-animation-delay=\"0\" data-spacing=\"5px\" data-alignment=\"left\"> <span style=\"font-weight: 400\">A trav\u00e9s de contacto, escribir a <\/span><a href=\"mailto:info@adinnova.com.ar\"><span style=\"font-weight: 400\">info@adinnova.com.ar<\/span><\/a><span style=\"font-weight: 400\"> o +54 9 11 2586-2474. Nuestro equipo te responder\u00e1 para brindarte asesoramiento personalizado.<\/span> <\/div><\/div><\/div><\/div><div class=\"toggle default\" data-inner-wrap=\"true\"><h3 class=\"toggle-title\"><a href=\"#\" role=\"button\" class=\"nectar-inherit-h2 toggle-heading\"><i role=\"presentation\" class=\"fa fa-plus\"><\/i>\u00bfAdinnova comercializa a nivel internacional?<\/a><\/h3><div><div class=\"inner-toggle-wrap\"><div class=\"nectar-fancy-ul font_size_min_14px font_size_max_20px font_size_desktop_1vw font_line_height_1-6\" data-list-icon=\"dot\" data-animation=\"false\" data-animation-delay=\"0\" data-spacing=\"5px\" data-alignment=\"left\"> <span style=\"font-weight: 400\">S\u00ed. Nuestros productos est\u00e1n presentes en distintos mercados:<\/span><\/p>\n<ul>\n<li style=\"font-weight: 400\"><span style=\"font-weight: 400\"><strong>Argentina<\/strong>: A trav\u00e9s de nuestro equipo comercial (Adinnova: +54 9 11 2586-2474 | <\/span><a href=\"mailto:info@adinnova.com.ar\"><span style=\"font-weight: 400\">info@adinnova.com.ar<\/span><\/a><span style=\"font-weight: 400\">)<\/span><\/li>\n<li style=\"font-weight: 400\"><span style=\"font-weight: 400\"><strong>Bolivia:<\/strong> Veterquimica Bolivia SRL \u2013 Central Santa Cruz (Parque Industrial Mz. 28 Av. Transversal 7 esq. Diagonal 3 | Tel: +591 3 3520261)<\/span><\/li>\n<li style=\"font-weight: 400\"><span style=\"font-weight: 400\"><strong>Uruguay:<\/strong> Smart Natural Solutions SAS (Gral. Flores 590, Oficina 001, Colonia Tel.: +598 99 428 246)<\/span><\/li>\n<li style=\"font-weight: 400\"><span style=\"font-weight: 400\"><strong>Paraguay:<\/strong> Huerto Olivos SA Av. Sacramento 3100, Asunci\u00f3n | Tel: +595 21 299608)<\/span><\/li>\n<li style=\"font-weight: 400\"><span style=\"font-weight: 400\"><strong>Per\u00fa:<\/strong> Silvateam Per\u00fa Comercial SAC (Av. Bolognesi 551, Santa Anita, | Lima (01) 5771200)<\/span><\/li>\n<li style=\"font-weight: 400\"><span style=\"font-weight: 400\"><strong>Ecuador:<\/strong> Nutrimas Ecuador SAS (Km 14.5 Via A Samborondon, Almax Center, Guayas)<\/span><\/li>\n<li style=\"font-weight: 400\"><span style=\"font-weight: 400\"><strong>Colombia:<\/strong> NaturAd de Colombia SAS (Calle 133 # 19-59, Edificio \u00c1rea 19, Bogot\u00e1 | Tel: +57 311 2415275)<\/span><\/li>\n<\/ul>\n <\/div><\/div><\/div><\/div><div class=\"toggle default\" data-inner-wrap=\"true\"><h3 class=\"toggle-title\"><a href=\"#\" role=\"button\" class=\"nectar-inherit-h2 toggle-heading\"><i role=\"presentation\" class=\"fa fa-plus\"><\/i>\u00bfLos productos son compatibles con otras formulaciones?<\/a><\/h3><div><div class=\"inner-toggle-wrap\"><div class=\"nectar-fancy-ul font_size_min_14px font_size_max_20px font_size_desktop_1vw font_line_height_1-6\" data-list-icon=\"dot\" data-animation=\"false\" data-animation-delay=\"0\" data-spacing=\"5px\" data-alignment=\"left\"> <span style=\"font-weight: 400\">S\u00ed. Nuestras<em><strong> soluciones est\u00e1n dise\u00f1adas para integrarse f\u00e1cilmente en formulaciones existentes,<\/strong><\/em> sin generar interferencias con otros ingredientes.<\/span> <\/div><\/div><\/div><\/div><div class=\"toggle default\" data-inner-wrap=\"true\"><h3 class=\"toggle-title\"><a href=\"#\" role=\"button\" class=\"toggle-heading\"><i role=\"presentation\" class=\"fa fa-plus\"><\/i>Secci\u00f3n<\/a><\/h3><div><div class=\"inner-toggle-wrap\"><\/div><\/div><\/div><div class=\"toggle default\" data-inner-wrap=\"true\"><h3 class=\"toggle-title\"><a href=\"#\" role=\"button\" class=\"toggle-heading\"><i role=\"presentation\" class=\"fa fa-plus\"><\/i>Secci\u00f3n<\/a><\/h3><div><div class=\"inner-toggle-wrap\"><\/div><\/div><\/div><\/div>\n\t\t\t<\/div> \n\t\t<\/div>\n\t<\/div> \n<\/div><\/div>","protected":false},"excerpt":{"rendered":"Preguntas frecuentes \u00bfQu\u00e9 es Adinnova?Adinnova es una empresa especializada en el desarrollo de biosoluciones para nutrici\u00f3n animal. Dise\u00f1amos aditivos funcionales que mejoran la eficiencia productiva, la salud animal y la...","protected":false},"author":3,"featured_media":0,"parent":0,"menu_order":0,"comment_status":"closed","ping_status":"closed","template":"","meta":{"_joinchat":[],"footnotes":""},"class_list":["post-952","page","type-page","status-publish"],"yoast_head":"<!-- This site is optimized with the Yoast SEO plugin v26.6 - https:\/\/yoast.com\/wordpress\/plugins\/seo\/ -->\n<title>Preguntas frecuentes - Adinnova | Tecnolog\u00eda natural en aditivos para nutrici\u00f3n animal<\/title>\n<meta name=\"description\" content=\"Preguntas frecuentes sobre nutrici\u00f3n animal y aditivos naturales. Ver m\u00e1s sobre las soluciones Adinnova y servicios a medida.\" \/>\n<meta name=\"robots\" content=\"index, follow, max-snippet:-1, max-image-preview:large, max-video-preview:-1\" \/>\n<link rel=\"canonical\" href=\"https:\/\/adinnova.com.ar\/en\/preguntas-frecuentes\/\" \/>\n<meta property=\"og:locale\" content=\"en_US\" \/>\n<meta property=\"og:type\" content=\"article\" \/>\n<meta property=\"og:title\" content=\"Preguntas frecuentes - Adinnova | Tecnolog\u00eda natural en aditivos para nutrici\u00f3n animal\" \/>\n<meta property=\"og:description\" content=\"Preguntas frecuentes sobre nutrici\u00f3n animal y aditivos naturales. Ver m\u00e1s sobre las soluciones Adinnova y servicios a medida.\" \/>\n<meta property=\"og:url\" content=\"https:\/\/adinnova.com.ar\/en\/preguntas-frecuentes\/\" \/>\n<meta property=\"og:site_name\" content=\"Adinnova | Tecnolog\u00eda natural en aditivos para nutrici\u00f3n animal\" \/>\n<meta property=\"article:modified_time\" content=\"2026-04-14T16:14:49+00:00\" \/>\n<meta name=\"twitter:card\" content=\"summary_large_image\" \/>\n<meta name=\"twitter:label1\" content=\"Est. reading time\" \/>\n\t<meta name=\"twitter:data1\" content=\"3 minutes\" \/>\n<script type=\"application\/ld+json\" class=\"yoast-schema-graph\">{\"@context\":\"https:\/\/schema.org\",\"@graph\":[{\"@type\":\"WebPage\",\"@id\":\"https:\/\/adinnova.com.ar\/preguntas-frecuentes\/\",\"url\":\"https:\/\/adinnova.com.ar\/preguntas-frecuentes\/\",\"name\":\"Preguntas frecuentes - Adinnova | Tecnolog\u00eda natural en aditivos para nutrici\u00f3n animal\",\"isPartOf\":{\"@id\":\"https:\/\/adinnova.com.ar\/#website\"},\"datePublished\":\"2026-02-27T20:39:45+00:00\",\"dateModified\":\"2026-04-14T16:14:49+00:00\",\"description\":\"Preguntas frecuentes sobre nutrici\u00f3n animal y aditivos naturales. Ver m\u00e1s sobre las soluciones Adinnova y servicios a medida.\",\"breadcrumb\":{\"@id\":\"https:\/\/adinnova.com.ar\/preguntas-frecuentes\/#breadcrumb\"},\"inLanguage\":\"en-US\",\"potentialAction\":[{\"@type\":\"ReadAction\",\"target\":[\"https:\/\/adinnova.com.ar\/preguntas-frecuentes\/\"]}]},{\"@type\":\"BreadcrumbList\",\"@id\":\"https:\/\/adinnova.com.ar\/preguntas-frecuentes\/#breadcrumb\",\"itemListElement\":[{\"@type\":\"ListItem\",\"position\":1,\"name\":\"Portada\",\"item\":\"https:\/\/adinnova.com.ar\/\"},{\"@type\":\"ListItem\",\"position\":2,\"name\":\"Preguntas frecuentes\"}]},{\"@type\":\"WebSite\",\"@id\":\"https:\/\/adinnova.com.ar\/#website\",\"url\":\"https:\/\/adinnova.com.ar\/\",\"name\":\"Adinnova | Tecnolog\u00eda natural en aditivos para nutrici\u00f3n animal\",\"description\":\"En Adinnova desarrollamos aditivos para nutrici\u00f3n animal con y brindamos soluciones a medida. Somos innovaci\u00f3n, proactivos por naturaleza.\",\"publisher\":{\"@id\":\"https:\/\/adinnova.com.ar\/#organization\"},\"potentialAction\":[{\"@type\":\"SearchAction\",\"target\":{\"@type\":\"EntryPoint\",\"urlTemplate\":\"https:\/\/adinnova.com.ar\/?s={search_term_string}\"},\"query-input\":{\"@type\":\"PropertyValueSpecification\",\"valueRequired\":true,\"valueName\":\"search_term_string\"}}],\"inLanguage\":\"en-US\"},{\"@type\":\"Organization\",\"@id\":\"https:\/\/adinnova.com.ar\/#organization\",\"name\":\"Adinnova | Tecnolog\u00eda natural en aditivos para nutrici\u00f3n animal\",\"url\":\"https:\/\/adinnova.com.ar\/\",\"logo\":{\"@type\":\"ImageObject\",\"inLanguage\":\"en-US\",\"@id\":\"https:\/\/adinnova.com.ar\/#\/schema\/logo\/image\/\",\"url\":\"https:\/\/adinnova.com.ar\/wp-content\/uploads\/2025\/09\/Adinnova-logo-blanco.webp\",\"contentUrl\":\"https:\/\/adinnova.com.ar\/wp-content\/uploads\/2025\/09\/Adinnova-logo-blanco.webp\",\"width\":300,\"height\":131,\"caption\":\"Adinnova | Tecnolog\u00eda natural en aditivos para nutrici\u00f3n animal\"},\"image\":{\"@id\":\"https:\/\/adinnova.com.ar\/#\/schema\/logo\/image\/\"}}]}<\/script>\n<!-- \/ Yoast SEO plugin. -->","yoast_head_json":{"title":"Preguntas frecuentes - Adinnova | Tecnolog\u00eda natural en aditivos para nutrici\u00f3n animal","description":"Preguntas frecuentes sobre nutrici\u00f3n animal y aditivos naturales. Ver m\u00e1s sobre las soluciones Adinnova y servicios a medida.","robots":{"index":"index","follow":"follow","max-snippet":"max-snippet:-1","max-image-preview":"max-image-preview:large","max-video-preview":"max-video-preview:-1"},"canonical":"https:\/\/adinnova.com.ar\/en\/preguntas-frecuentes\/","og_locale":"en_US","og_type":"article","og_title":"Preguntas frecuentes - Adinnova | Tecnolog\u00eda natural en aditivos para nutrici\u00f3n animal","og_description":"Preguntas frecuentes sobre nutrici\u00f3n animal y aditivos naturales. Ver m\u00e1s sobre las soluciones Adinnova y servicios a medida.","og_url":"https:\/\/adinnova.com.ar\/en\/preguntas-frecuentes\/","og_site_name":"Adinnova | Tecnolog\u00eda natural en aditivos para nutrici\u00f3n animal","article_modified_time":"2026-04-14T16:14:49+00:00","twitter_card":"summary_large_image","twitter_misc":{"Est. reading time":"3 minutes"},"schema":{"@context":"https:\/\/schema.org","@graph":[{"@type":"WebPage","@id":"https:\/\/adinnova.com.ar\/preguntas-frecuentes\/","url":"https:\/\/adinnova.com.ar\/preguntas-frecuentes\/","name":"Preguntas frecuentes - Adinnova | Tecnolog\u00eda natural en aditivos para nutrici\u00f3n animal","isPartOf":{"@id":"https:\/\/adinnova.com.ar\/#website"},"datePublished":"2026-02-27T20:39:45+00:00","dateModified":"2026-04-14T16:14:49+00:00","description":"Preguntas frecuentes sobre nutrici\u00f3n animal y aditivos naturales. Ver m\u00e1s sobre las soluciones Adinnova y servicios a medida.","breadcrumb":{"@id":"https:\/\/adinnova.com.ar\/preguntas-frecuentes\/#breadcrumb"},"inLanguage":"en-US","potentialAction":[{"@type":"ReadAction","target":["https:\/\/adinnova.com.ar\/preguntas-frecuentes\/"]}]},{"@type":"BreadcrumbList","@id":"https:\/\/adinnova.com.ar\/preguntas-frecuentes\/#breadcrumb","itemListElement":[{"@type":"ListItem","position":1,"name":"Portada","item":"https:\/\/adinnova.com.ar\/"},{"@type":"ListItem","position":2,"name":"Preguntas frecuentes"}]},{"@type":"WebSite","@id":"https:\/\/adinnova.com.ar\/#website","url":"https:\/\/adinnova.com.ar\/","name":"Adinnova | Tecnolog\u00eda natural en aditivos para nutrici\u00f3n animal","description":"En Adinnova desarrollamos aditivos para nutrici\u00f3n animal con y brindamos soluciones a medida. Somos innovaci\u00f3n, proactivos por naturaleza.","publisher":{"@id":"https:\/\/adinnova.com.ar\/#organization"},"potentialAction":[{"@type":"SearchAction","target":{"@type":"EntryPoint","urlTemplate":"https:\/\/adinnova.com.ar\/?s={search_term_string}"},"query-input":{"@type":"PropertyValueSpecification","valueRequired":true,"valueName":"search_term_string"}}],"inLanguage":"en-US"},{"@type":"Organization","@id":"https:\/\/adinnova.com.ar\/#organization","name":"Adinnova | Tecnolog\u00eda natural en aditivos para nutrici\u00f3n animal","url":"https:\/\/adinnova.com.ar\/","logo":{"@type":"ImageObject","inLanguage":"en-US","@id":"https:\/\/adinnova.com.ar\/#\/schema\/logo\/image\/","url":"https:\/\/adinnova.com.ar\/wp-content\/uploads\/2025\/09\/Adinnova-logo-blanco.webp","contentUrl":"https:\/\/adinnova.com.ar\/wp-content\/uploads\/2025\/09\/Adinnova-logo-blanco.webp","width":300,"height":131,"caption":"Adinnova | Tecnolog\u00eda natural en aditivos para nutrici\u00f3n animal"},"image":{"@id":"https:\/\/adinnova.com.ar\/#\/schema\/logo\/image\/"}}]}},"_hostinger_reach_plugin_has_subscription_block":false,"_hostinger_reach_plugin_is_elementor":false,"_links":{"self":[{"href":"https:\/\/adinnova.com.ar\/en\/wp-json\/wp\/v2\/pages\/952","targetHints":{"allow":["GET"]}}],"collection":[{"href":"https:\/\/adinnova.com.ar\/en\/wp-json\/wp\/v2\/pages"}],"about":[{"href":"https:\/\/adinnova.com.ar\/en\/wp-json\/wp\/v2\/types\/page"}],"author":[{"embeddable":true,"href":"https:\/\/adinnova.com.ar\/en\/wp-json\/wp\/v2\/users\/3"}],"replies":[{"embeddable":true,"href":"https:\/\/adinnova.com.ar\/en\/wp-json\/wp\/v2\/comments?post=952"}],"version-history":[{"count":8,"href":"https:\/\/adinnova.com.ar\/en\/wp-json\/wp\/v2\/pages\/952\/revisions"}],"predecessor-version":[{"id":1182,"href":"https:\/\/adinnova.com.ar\/en\/wp-json\/wp\/v2\/pages\/952\/revisions\/1182"}],"wp:attachment":[{"href":"https:\/\/adinnova.com.ar\/en\/wp-json\/wp\/v2\/media?parent=952"}],"curies":[{"name":"wp","href":"https:\/\/api.w.org\/{rel}","templated":true}]}}